{"id":3,"date":"2024-09-25T21:43:36","date_gmt":"2024-09-25T21:43:36","guid":{"rendered":"https:\/\/onpointransfers.pt\/?page_id=3"},"modified":"2024-12-11T19:07:27","modified_gmt":"2024-12-11T19:07:27","slug":"privacy-policy","status":"publish","type":"page","link":"https:\/\/onpointransfers.pt\/pt\/privacy-policy\/","title":{"rendered":"Termos e Condi\u00e7\u00f5es"},"content":{"rendered":"<div data-elementor-type=\"wp-page\" data-elementor-id=\"3\" class=\"elementor elementor-3\" data-elementor-post-type=\"page\">\n\t\t\t\t<div class=\"elementor-element elementor-element-938a78c e-flex e-con-boxed e-con e-parent\" data-id=\"938a78c\" data-element_type=\"container\" data-e-type=\"container\">\n\t\t\t\t\t<div class=\"e-con-inner\">\n\t\t\t\t<div class=\"elementor-element elementor-element-ba27433 elementor-widget elementor-widget-heading\" data-id=\"ba27433\" data-element_type=\"widget\" data-e-type=\"widget\" data-widget_type=\"heading.default\">\n\t\t\t\t<div class=\"elementor-widget-container\">\n\t\t\t\t\t<h2 class=\"elementor-heading-title elementor-size-default\">TERMOS E CONDI\u00c7\u00d5ES<\/h2>\t\t\t\t<\/div>\n\t\t\t\t<\/div>\n\t\t\t\t<div class=\"elementor-element elementor-element-46b29939 elementor-widget elementor-widget-text-editor\" data-id=\"46b29939\" data-element_type=\"widget\" data-e-type=\"widget\" data-widget_type=\"text-editor.default\">\n\t\t\t\t<div class=\"elementor-widget-container\">\n\t\t\t\t\t\t\t\t\t<p>Agradecemos a sua visita ao website. Assegure-se que l\u00ea cuidadosamente os Termos e Condi\u00e7\u00f5es apresentados nesta p\u00e1gina, na medida em que qualquer utiliza\u00e7\u00e3o deste Website significa que aceita os Termos e Condi\u00e7\u00f5es ora apresentados.<\/p><p>A Onpoint Transfers \u00e9 uma marca da empresa Azambustaxis Lda.<\/p><p>azambustaxis@gmail.com<\/p><p><strong style=\"color: #4776df;\">RESERVAS<\/strong><\/p><p>Reservations are only accepted via e-mail or mobile as stated on the website, following their proper receipt and confirmation.<\/p><p>Os valores apresentados incluem IVA \u00e0 taxa legal em vigor.<\/p><p><span style=\"color: #4776df;\"><strong>POL\u00cdTICA DE PRIVACIDADE<\/strong><\/span><\/p><p>Qualquer conte\u00fado ou dados pessoais que sejam enviados para o site Azambustaxis Lda, est\u00e3o sujeitos \u00e1 Pol\u00edtica de Privacidade e prote\u00e7\u00e3o de dados pessoais dos websites.<\/p><p><span style=\"color: #4776df;\"><strong>DIREITOS DE PROPRIEDADE INTELECTUAL<\/strong><\/span><\/p><p>Azambust\u00e1xis Lda \u00e9 uma marca registada, todos os direitos reservados.<\/p><p><br \/>Todos os direitos de autor e demais direitos de propriedade intelectual inerente aos textos, imagens e outros conte\u00fados em geral disponibilizados neste website, s\u00e3o propriedade da Azambustaxis Lda ou usados por esta com autoriza\u00e7\u00e3o do respetivo propriet\u00e1rio.<\/p><p>As marcas registadas, log\u00f3tipos ou outros presentes neste website de Parceiros de neg\u00f3cios, n\u00e3o s\u00e3o propriedade da Azambustaxis Lda.<\/p><p>O uso ou utiliza\u00e7\u00e3o incorreta ou abusiva das marcas registadas ou de quaisquer outros conte\u00fados deste website s\u00e3o expressamente proibidos. Advertimos que a Azambustaxis Lda t\u00eam todos os mecanismos legais para proteger e refor\u00e7ar os seus direitos de propriedade intelectual.<\/p><p><span style=\"color: #4776df;\"><strong>GARANTIAS E REN\u00daNCIA DE RESPONSABILIDADE<\/strong><\/span><\/p><p>A forma como utiliza este Website e os conte\u00fados nele presente \u00e9 exclusivamente da sua responsabilidade e risco. A Azambustaxis Lda n\u00e3o assume qualquer tipo de responsabilidade por perdas e\/ou danos sofridos causados por v\u00edrus que possam afetar o seu computador ou qualquer outro equipamento.<\/p><p><span style=\"color: #4776df;\"><strong>JURISDI\u00c7\u00c3O E LEGISLA\u00c7\u00c3O APLIC\u00c1VEL<\/strong><\/span><\/p><p>O usu\u00e1rio desta p\u00e1gina e a Azambustaxis Lda aceitam sem reservas que qualquer diferendo ou litigio seja regido pela Lei Portuguesa, para o efeito com expressa ren\u00fancia a qualquer outro o foro da Comarca do Cartaxo.<\/p><p><span style=\"color: #4776df;\"><strong>ACTUALIZA\u00c7\u00d5ES LEGAIS<\/strong><\/span><\/p><p>Reserva-nos o direito de autor de alterar este documento, assim como os conte\u00fados do website. Visite esta p\u00e1gina com regularidade para rever a informa\u00e7\u00e3o nela contida.<\/p>\t\t\t\t\t\t\t\t<\/div>\n\t\t\t\t<\/div>\n\t\t\t\t\t<\/div>\n\t\t\t\t<\/div>\n\t\t\t\t<\/div>","protected":false},"excerpt":{"rendered":"<p>TERMS AND CONDITIONS Thank you for your visit to the website. Please ensure that you read the Terms and Conditions presented on this page carefully, as any use of this website implies your acceptance of the Terms and Conditions outlined herein. Onpoint Transfers is a brand of the company Azambustaxis Lda. azambustaxis@gmail.com RESERVATIONS Reservations are [&hellip;]<\/p>","protected":false},"author":1,"featured_media":0,"parent":0,"menu_order":0,"comment_status":"closed","ping_status":"open","template":"","meta":{"footnotes":""},"class_list":["post-3","page","type-page","status-publish","hentry"],"_links":{"self":[{"href":"https:\/\/onpointransfers.pt\/pt\/wp-json\/wp\/v2\/pages\/3","targetHints":{"allow":["GET"]}}],"collection":[{"href":"https:\/\/onpointransfers.pt\/pt\/wp-json\/wp\/v2\/pages"}],"about":[{"href":"https:\/\/onpointransfers.pt\/pt\/wp-json\/wp\/v2\/types\/page"}],"author":[{"embeddable":true,"href":"https:\/\/onpointransfers.pt\/pt\/wp-json\/wp\/v2\/users\/1"}],"replies":[{"embeddable":true,"href":"https:\/\/onpointransfers.pt\/pt\/wp-json\/wp\/v2\/comments?post=3"}],"version-history":[{"count":0,"href":"https:\/\/onpointransfers.pt\/pt\/wp-json\/wp\/v2\/pages\/3\/revisions"}],"wp:attachment":[{"href":"https:\/\/onpointransfers.pt\/pt\/wp-json\/wp\/v2\/media?parent=3"}],"curies":[{"name":"wp","href":"https:\/\/api.w.org\/{rel}","templated":true}]}}